{"id":1076,"date":"2021-04-06T11:03:14","date_gmt":"2021-04-06T11:03:14","guid":{"rendered":"https:\/\/ultraland.themetags.com\/?page_id=1076"},"modified":"2022-02-16T21:33:58","modified_gmt":"2022-02-16T21:33:58","slug":"adquirir","status":"publish","type":"page","link":"https:\/\/livinapp.net\/en_us\/adquirir\/","title":{"rendered":"How to acquire it?"},"content":{"rendered":"<div data-elementor-type=\"wp-page\" data-elementor-id=\"1076\" class=\"elementor elementor-1076\">\n\t\t\t\t\t\t<section class=\"elementor-section elementor-top-section elementor-element elementor-element-63c5516 elementor-section-boxed elementor-section-height-default elementor-section-height-default\" data-id=\"63c5516\" data-element_type=\"section\">\n\t\t\t\t\t\t<div class=\"elementor-container elementor-column-gap-default\">\n\t\t\t\t\t<div class=\"elementor-column elementor-col-100 elementor-top-column elementor-element elementor-element-b06312c\" data-id=\"b06312c\" data-element_type=\"column\">\n\t\t\t<div class=\"elementor-widget-wrap elementor-element-populated\">\n\t\t\t\t\t\t<section class=\"elementor-section elementor-inner-section elementor-element elementor-element-13c4563 elementor-section-boxed elementor-section-height-default elementor-section-height-default\" data-id=\"13c4563\" data-element_type=\"section\">\n\t\t\t\t\t\t<div class=\"elementor-container elementor-column-gap-default\">\n\t\t\t\t\t<div class=\"elementor-column elementor-col-50 elementor-inner-column elementor-element elementor-element-e4b940c\" data-id=\"e4b940c\" data-element_type=\"column\">\n\t\t\t<div class=\"elementor-widget-wrap elementor-element-populated\">\n\t\t\t\t\t\t<div class=\"elementor-element elementor-element-9bf5586 elementor-widget elementor-widget-image\" data-id=\"9bf5586\" data-element_type=\"widget\" data-widget_type=\"image.default\">\n\t\t\t\t<div class=\"elementor-widget-container\">\n\t\t\t\t\t\t\t\t\t\t\t\t\t\t\t<img fetchpriority=\"high\" decoding=\"async\" width=\"769\" height=\"847\" src=\"https:\/\/livinapp.net\/wp-content\/uploads\/2021\/12\/smartphone-y-condominio2.jpg\" class=\"attachment-large size-large wp-image-4917\" alt=\"\" srcset=\"https:\/\/livinapp.net\/wp-content\/uploads\/2021\/12\/smartphone-y-condominio2.jpg 769w, https:\/\/livinapp.net\/wp-content\/uploads\/2021\/12\/smartphone-y-condominio2-272x300.jpg 272w, https:\/\/livinapp.net\/wp-content\/uploads\/2021\/12\/smartphone-y-condominio2-540x595.jpg 540w, https:\/\/livinapp.net\/wp-content\/uploads\/2021\/12\/smartphone-y-condominio2-136x150.jpg 136w\" sizes=\"(max-width: 769px) 100vw, 769px\" \/>\t\t\t\t\t\t\t\t\t\t\t\t\t\t\t<\/div>\n\t\t\t\t<\/div>\n\t\t\t\t\t<\/div>\n\t\t<\/div>\n\t\t\t\t<div class=\"elementor-column elementor-col-50 elementor-inner-column elementor-element elementor-element-0f5de7f\" data-id=\"0f5de7f\" data-element_type=\"column\">\n\t\t\t<div class=\"elementor-widget-wrap elementor-element-populated\">\n\t\t\t\t\t\t<div class=\"elementor-element elementor-element-538c8d0 tt-heading-fill-color elementor-widget elementor-widget-tt-heading\" data-id=\"538c8d0\" data-element_type=\"widget\" data-widget_type=\"tt-heading.default\">\n\t\t\t\t<div class=\"elementor-widget-container\">\n\t\t\t\t\t\r\n        <div class=\"section-heading style-one\">\r\n\t\t\t\r\n\t\t\t                <h2 class=\"section-title wow fadeInUp\" data-wow-delay=\"0.3s\">How to start using the LivIn App?<\/h2>\r\n\t\t\t\r\n\t\t\t                <div class=\"description wow fadeInUp\" data-wow-delay=\"0.5s\"><p>It's very easy!<\/p><\/div>\r\n\t\t\t        <\/div>\r\n\r\n\t\t\t\t\t\t<\/div>\n\t\t\t\t<\/div>\n\t\t\t\t<div class=\"elementor-element elementor-element-54d0bc4 elementor-widget elementor-widget-text-editor\" data-id=\"54d0bc4\" data-element_type=\"widget\" data-widget_type=\"text-editor.default\">\n\t\t\t\t<div class=\"elementor-widget-container\">\n\t\t\t\t\t\t\t\t\t<p>We take care of setting up and customizing the platform according to the needs of the condominium or residential area.<\/p><p>After implementation, we provide training to the condominium or residential staff. We offer packages based on the number of users to be created.<\/p><p>Payment is made monthly, based on the number of active users. A minimum of 50 users is required.<\/p><p>Don't hesitate any longer and request a demo to experience firsthand all the functionalities.<\/p>\t\t\t\t\t\t\t\t<\/div>\n\t\t\t\t<\/div>\n\t\t\t\t\t<\/div>\n\t\t<\/div>\n\t\t\t\t\t<\/div>\n\t\t<\/section>\n\t\t\t\t<div class=\"elementor-element elementor-element-857aeda elementor-widget elementor-widget-spacer\" data-id=\"857aeda\" data-element_type=\"widget\" data-widget_type=\"spacer.default\">\n\t\t\t\t<div class=\"elementor-widget-container\">\n\t\t\t\t\t\t\t<div class=\"elementor-spacer\">\n\t\t\t<div class=\"elementor-spacer-inner\"><\/div>\n\t\t<\/div>\n\t\t\t\t\t\t<\/div>\n\t\t\t\t<\/div>\n\t\t\t\t<div class=\"elementor-element elementor-element-ef3c7a9 elementor-widget elementor-widget-heading\" data-id=\"ef3c7a9\" data-element_type=\"widget\" data-widget_type=\"heading.default\">\n\t\t\t\t<div class=\"elementor-widget-container\">\n\t\t\t\t\t<h2 class=\"elementor-heading-title elementor-size-default\">Frequently Asked Questions<\/h2>\t\t\t\t<\/div>\n\t\t\t\t<\/div>\n\t\t\t\t<div class=\"elementor-element elementor-element-4206d69 elementor-invisible elementor-widget elementor-widget-tt-faq-tab\" data-id=\"4206d69\" data-element_type=\"widget\" data-settings=\"{&quot;_animation&quot;:&quot;fadeInUp&quot;,&quot;_animation_tablet&quot;:&quot;none&quot;,&quot;_animation_delay&quot;:500}\" data-widget_type=\"tt-faq-tab.default\">\n\t\t\t\t<div class=\"elementor-widget-container\">\n\t\t\t\t\t\n\t\t<div class=\"tt-accordian\">\n\t\t\t<div class=\"tt-accordian_nav-wrapper\">\n\t\t\t\t<ul class=\"nav tt-accordian__nav\" role=\"tablist\">\n\t\t\t\t\t\n\t\t\t\t\t\t<li class=\"nav-item\">\n\t\t\t\t\t\t\t<a class=\"nav-link\" id=\"sobre-la-plataforma-tab\" data-toggle=\"tab\" role=\"tab\" aria-controls=\"sobre-la-plataforma\" href=\"#sobre-la-plataforma\">\n\t\t\t\t\t\t\t\tAbout the platform\t\t\t\t\t\t\t<\/a>\n\t\t\t\t\t\t<\/li>\n\n\t\t\t\t\t\n\t\t\t\t\t\t<li class=\"nav-item\">\n\t\t\t\t\t\t\t<a class=\"nav-link\" id=\"sobre-el-servicio-tab\" data-toggle=\"tab\" role=\"tab\" aria-controls=\"sobre-el-servicio\" href=\"#sobre-el-servicio\">\n\t\t\t\t\t\t\t\tAbout the service\t\t\t\t\t\t\t<\/a>\n\t\t\t\t\t\t<\/li>\n\n\t\t\t\t\t\n\t\t\t\t<\/ul>\n\t\t\t<\/div>\n\t\t\t<!-- \/.tt-accordian_nav-wrapper -->\n\n\t\t\t<div class=\"tab-content tt-accordian__content\">\n\t\t\t\t\n\t\t\t\t\t<div class=\"tab-pane fade\" id=\"sobre-la-plataforma\" role=\"tabpanel\">\n\t\t\t\t\t\t<div id=\"accordion-5\" class=\"tt-accordian_faq\">\n\t\t\t\t\t\t\t\n\t\t\t\t\t\t\t\t<div class=\"card active\">\n\t\t\t\t\t\t\t\t\t<div class=\"card-header\" id=\"sobre-la-plataforma-0\">\n\t\t\t\t\t\t\t\t\t\t<h5 class=\"\" data-toggle=\"collapse\" data-target=\"#sobre-la-plataforma-collapse-0\" aria-expanded=\"true\" aria-controls=\"sobre-la-plataforma-collapse-0\">\n\t\t\t\t\t\t\t\t\t\t\tHow many programs does LivIn have?\t\t\t\t\t\t\t\t\t\t\t<i class=\"ei ei-arrow_carrot-up\"><\/i>\n\t\t\t\t\t\t\t\t\t\t<\/h5>\n\t\t\t\t\t\t\t\t\t<\/div>\n\t\t\t\t\t\t\t\t\t<div id=\"sobre-la-plataforma-collapse-0\" class=\"collapse show\" data-parent=\"#accordion-5\">\n\t\t\t\t\t\t\t\t\t\t<div class=\"card-body\">\n\t\t\t\t\t\t\t\t\t\t\t<p>There are three programs: one app for users, another app for security agents, and a web platform for administration.<\/p>\n\t\t\t\t\t\t\t\t\t\t<\/div>\n\t\t\t\t\t\t\t\t\t<\/div>\n\t\t\t\t\t\t\t\t<\/div>\n\t\t\t\t\t\t\t\t\n\t\t\t\t\t\t\t\t<div class=\"card\">\n\t\t\t\t\t\t\t\t\t<div class=\"card-header\" id=\"sobre-la-plataforma-1\">\n\t\t\t\t\t\t\t\t\t\t<h5 class=\"collapsed\" data-toggle=\"collapse\" data-target=\"#sobre-la-plataforma-collapse-1\" aria-expanded=\"false\" aria-controls=\"sobre-la-plataforma-collapse-1\">\n\t\t\t\t\t\t\t\t\t\t\tHow many condominiums, buildings, or residential complexes can I manage per account?\t\t\t\t\t\t\t\t\t\t\t<i class=\"ei ei-arrow_carrot-up\"><\/i>\n\t\t\t\t\t\t\t\t\t\t<\/h5>\n\t\t\t\t\t\t\t\t\t<\/div>\n\t\t\t\t\t\t\t\t\t<div id=\"sobre-la-plataforma-collapse-1\" class=\"collapse\" data-parent=\"#accordion-5\">\n\t\t\t\t\t\t\t\t\t\t<div class=\"card-body\">\n\t\t\t\t\t\t\t\t\t\t\t<p>As many as you need.<\/p>\n\t\t\t\t\t\t\t\t\t\t<\/div>\n\t\t\t\t\t\t\t\t\t<\/div>\n\t\t\t\t\t\t\t\t<\/div>\n\t\t\t\t\t\t\t\t\n\t\t\t\t\t\t\t\t<div class=\"card\">\n\t\t\t\t\t\t\t\t\t<div class=\"card-header\" id=\"sobre-la-plataforma-2\">\n\t\t\t\t\t\t\t\t\t\t<h5 class=\"collapsed\" data-toggle=\"collapse\" data-target=\"#sobre-la-plataforma-collapse-2\" aria-expanded=\"false\" aria-controls=\"sobre-la-plataforma-collapse-2\">\n\t\t\t\t\t\t\t\t\t\t\tHow many users can there be per unit?\t\t\t\t\t\t\t\t\t\t\t<i class=\"ei ei-arrow_carrot-up\"><\/i>\n\t\t\t\t\t\t\t\t\t\t<\/h5>\n\t\t\t\t\t\t\t\t\t<\/div>\n\t\t\t\t\t\t\t\t\t<div id=\"sobre-la-plataforma-collapse-2\" class=\"collapse\" data-parent=\"#accordion-5\">\n\t\t\t\t\t\t\t\t\t\t<div class=\"card-body\">\n\t\t\t\t\t\t\t\t\t\t\t<p>There is no limit to the number of users per unit.<\/p>\n\t\t\t\t\t\t\t\t\t\t<\/div>\n\t\t\t\t\t\t\t\t\t<\/div>\n\t\t\t\t\t\t\t\t<\/div>\n\t\t\t\t\t\t\t\t\n\t\t\t\t\t\t\t\t<div class=\"card\">\n\t\t\t\t\t\t\t\t\t<div class=\"card-header\" id=\"sobre-la-plataforma-3\">\n\t\t\t\t\t\t\t\t\t\t<h5 class=\"collapsed\" data-toggle=\"collapse\" data-target=\"#sobre-la-plataforma-collapse-3\" aria-expanded=\"false\" aria-controls=\"sobre-la-plataforma-collapse-3\">\n\t\t\t\t\t\t\t\t\t\t\tIs each user's information visible throughout the condominium?\t\t\t\t\t\t\t\t\t\t\t<i class=\"ei ei-arrow_carrot-up\"><\/i>\n\t\t\t\t\t\t\t\t\t\t<\/h5>\n\t\t\t\t\t\t\t\t\t<\/div>\n\t\t\t\t\t\t\t\t\t<div id=\"sobre-la-plataforma-collapse-3\" class=\"collapse\" data-parent=\"#accordion-5\">\n\t\t\t\t\t\t\t\t\t\t<div class=\"card-body\">\n\t\t\t\t\t\t\t\t\t\t\t<p>No, only users added to the unit have access to the information.<\/p>\n\t\t\t\t\t\t\t\t\t\t<\/div>\n\t\t\t\t\t\t\t\t\t<\/div>\n\t\t\t\t\t\t\t\t<\/div>\n\t\t\t\t\t\t\t\t\t\t\t\t\t\t<\/div>\n\t\t\t\t\t<\/div>\n\t\t\t\t\n\t\t\t\t\t<div class=\"tab-pane fade\" id=\"sobre-el-servicio\" role=\"tabpanel\">\n\t\t\t\t\t\t<div id=\"accordion-6\" class=\"tt-accordian_faq\">\n\t\t\t\t\t\t\t\n\t\t\t\t\t\t\t\t<div class=\"card active\">\n\t\t\t\t\t\t\t\t\t<div class=\"card-header\" id=\"sobre-el-servicio-0\">\n\t\t\t\t\t\t\t\t\t\t<h5 class=\"\" data-toggle=\"collapse\" data-target=\"#sobre-el-servicio-collapse-0\" aria-expanded=\"true\" aria-controls=\"sobre-el-servicio-collapse-0\">\n\t\t\t\t\t\t\t\t\t\t\tHow long does implementation and configuration take?\t\t\t\t\t\t\t\t\t\t\t<i class=\"ei ei-arrow_carrot-up\"><\/i>\n\t\t\t\t\t\t\t\t\t\t<\/h5>\n\t\t\t\t\t\t\t\t\t<\/div>\n\t\t\t\t\t\t\t\t\t<div id=\"sobre-el-servicio-collapse-0\" class=\"collapse show\" data-parent=\"#accordion-6\">\n\t\t\t\t\t\t\t\t\t\t<div class=\"card-body\">\n\t\t\t\t\t\t\t\t\t\t\t<p>It takes approximately 3 business days.<\/p>\n\t\t\t\t\t\t\t\t\t\t<\/div>\n\t\t\t\t\t\t\t\t\t<\/div>\n\t\t\t\t\t\t\t\t<\/div>\n\t\t\t\t\t\t\t\t\n\t\t\t\t\t\t\t\t<div class=\"card\">\n\t\t\t\t\t\t\t\t\t<div class=\"card-header\" id=\"sobre-el-servicio-1\">\n\t\t\t\t\t\t\t\t\t\t<h5 class=\"collapsed\" data-toggle=\"collapse\" data-target=\"#sobre-el-servicio-collapse-1\" aria-expanded=\"false\" aria-controls=\"sobre-el-servicio-collapse-1\">\n\t\t\t\t\t\t\t\t\t\t\t\"Do you provide training and consultancy?\"\t\t\t\t\t\t\t\t\t\t\t<i class=\"ei ei-arrow_carrot-up\"><\/i>\n\t\t\t\t\t\t\t\t\t\t<\/h5>\n\t\t\t\t\t\t\t\t\t<\/div>\n\t\t\t\t\t\t\t\t\t<div id=\"sobre-el-servicio-collapse-1\" class=\"collapse\" data-parent=\"#accordion-6\">\n\t\t\t\t\t\t\t\t\t\t<div class=\"card-body\">\n\t\t\t\t\t\t\t\t\t\t\t<p>Yes, the service includes virtual and in-person training sessions for administrators, security agents, and users.<\/p>\n\t\t\t\t\t\t\t\t\t\t<\/div>\n\t\t\t\t\t\t\t\t\t<\/div>\n\t\t\t\t\t\t\t\t<\/div>\n\t\t\t\t\t\t\t\t\n\t\t\t\t\t\t\t\t<div class=\"card\">\n\t\t\t\t\t\t\t\t\t<div class=\"card-header\" id=\"sobre-el-servicio-2\">\n\t\t\t\t\t\t\t\t\t\t<h5 class=\"collapsed\" data-toggle=\"collapse\" data-target=\"#sobre-el-servicio-collapse-2\" aria-expanded=\"false\" aria-controls=\"sobre-el-servicio-collapse-2\">\n\t\t\t\t\t\t\t\t\t\t\tDo I need to make an initial payment?\t\t\t\t\t\t\t\t\t\t\t<i class=\"ei ei-arrow_carrot-up\"><\/i>\n\t\t\t\t\t\t\t\t\t\t<\/h5>\n\t\t\t\t\t\t\t\t\t<\/div>\n\t\t\t\t\t\t\t\t\t<div id=\"sobre-el-servicio-collapse-2\" class=\"collapse\" data-parent=\"#accordion-6\">\n\t\t\t\t\t\t\t\t\t\t<div class=\"card-body\">\n\t\t\t\t\t\t\t\t\t\t\t<p>Yes, we have plans for the implementation and configuration of the platform, depending on the number of users.<\/p>\n\t\t\t\t\t\t\t\t\t\t<\/div>\n\t\t\t\t\t\t\t\t\t<\/div>\n\t\t\t\t\t\t\t\t<\/div>\n\t\t\t\t\t\t\t\t\n\t\t\t\t\t\t\t\t<div class=\"card\">\n\t\t\t\t\t\t\t\t\t<div class=\"card-header\" id=\"sobre-el-servicio-3\">\n\t\t\t\t\t\t\t\t\t\t<h5 class=\"collapsed\" data-toggle=\"collapse\" data-target=\"#sobre-el-servicio-collapse-3\" aria-expanded=\"false\" aria-controls=\"sobre-el-servicio-collapse-3\">\n\t\t\t\t\t\t\t\t\t\t\tHow is the payment processed?\t\t\t\t\t\t\t\t\t\t\t<i class=\"ei ei-arrow_carrot-up\"><\/i>\n\t\t\t\t\t\t\t\t\t\t<\/h5>\n\t\t\t\t\t\t\t\t\t<\/div>\n\t\t\t\t\t\t\t\t\t<div id=\"sobre-el-servicio-collapse-3\" class=\"collapse\" data-parent=\"#accordion-6\">\n\t\t\t\t\t\t\t\t\t\t<div class=\"card-body\">\n\t\t\t\t\t\t\t\t\t\t\t<p>You can make the payment on a monthly or annual basis.<\/p>\n\t\t\t\t\t\t\t\t\t\t<\/div>\n\t\t\t\t\t\t\t\t\t<\/div>\n\t\t\t\t\t\t\t\t<\/div>\n\t\t\t\t\t\t\t\t\n\t\t\t\t\t\t\t\t<div class=\"card\">\n\t\t\t\t\t\t\t\t\t<div class=\"card-header\" id=\"sobre-el-servicio-4\">\n\t\t\t\t\t\t\t\t\t\t<h5 class=\"collapsed\" data-toggle=\"collapse\" data-target=\"#sobre-el-servicio-collapse-4\" aria-expanded=\"false\" aria-controls=\"sobre-el-servicio-collapse-4\">\n\t\t\t\t\t\t\t\t\t\t\tWhat payment methods are accepted?\t\t\t\t\t\t\t\t\t\t\t<i class=\"ei ei-arrow_carrot-up\"><\/i>\n\t\t\t\t\t\t\t\t\t\t<\/h5>\n\t\t\t\t\t\t\t\t\t<\/div>\n\t\t\t\t\t\t\t\t\t<div id=\"sobre-el-servicio-collapse-4\" class=\"collapse\" data-parent=\"#accordion-6\">\n\t\t\t\t\t\t\t\t\t\t<div class=\"card-body\">\n\t\t\t\t\t\t\t\t\t\t\t<p>By check or bank transfer.<\/p>\n\t\t\t\t\t\t\t\t\t\t<\/div>\n\t\t\t\t\t\t\t\t\t<\/div>\n\t\t\t\t\t\t\t\t<\/div>\n\t\t\t\t\t\t\t\t\n\t\t\t\t\t\t\t\t<div class=\"card\">\n\t\t\t\t\t\t\t\t\t<div class=\"card-header\" id=\"sobre-el-servicio-5\">\n\t\t\t\t\t\t\t\t\t\t<h5 class=\"collapsed\" data-toggle=\"collapse\" data-target=\"#sobre-el-servicio-collapse-5\" aria-expanded=\"false\" aria-controls=\"sobre-el-servicio-collapse-5\">\n\t\t\t\t\t\t\t\t\t\t\tDo you have technical support?\t\t\t\t\t\t\t\t\t\t\t<i class=\"ei ei-arrow_carrot-up\"><\/i>\n\t\t\t\t\t\t\t\t\t\t<\/h5>\n\t\t\t\t\t\t\t\t\t<\/div>\n\t\t\t\t\t\t\t\t\t<div id=\"sobre-el-servicio-collapse-5\" class=\"collapse\" data-parent=\"#accordion-6\">\n\t\t\t\t\t\t\t\t\t\t<div class=\"card-body\">\n\t\t\t\t\t\t\t\t\t\t\t<p>Yes, we have manuals, tutorials, and you can make inquiries about issues with technical support.<\/p>\n\t\t\t\t\t\t\t\t\t\t<\/div>\n\t\t\t\t\t\t\t\t\t<\/div>\n\t\t\t\t\t\t\t\t<\/div>\n\t\t\t\t\t\t\t\t\t\t\t\t\t\t<\/div>\n\t\t\t\t\t<\/div>\n\t\t\t\t\t\t\t<\/div>\n\t\t<\/div>\n\t\t<!-- \/.tt-accordian -->\n\t\t\t\t\t\t<\/div>\n\t\t\t\t<\/div>\n\t\t\t\t\t<\/div>\n\t\t<\/div>\n\t\t\t\t\t<\/div>\n\t\t<\/section>\n\t\t\t\t<\/div>","protected":false},"excerpt":{"rendered":"<p>\u00bfC\u00f3mo comenzar a usar LivIn? \u00a1Es muy f\u00e1cil! Nosotros nos encargamos de la configuraci\u00f3n y personalizaci\u00f3n de la plataforma seg\u00fan las necesidades del condominio o residencial. Despu\u00e9s de su implementaci\u00f3n, impartimos capacitaciones al personal del condominio o residencial.\u00a0Contamos con paquetes seg\u00fan la cantidad de usuarios a crear. El pago se realiza de forma mensual, seg\u00fan [&hellip;]<\/p>","protected":false},"author":1,"featured_media":0,"parent":0,"menu_order":0,"comment_status":"closed","ping_status":"closed","template":"elementor_header_footer","meta":{"footnotes":""},"class_list":["post-1076","page","type-page","status-publish","hentry"],"_links":{"self":[{"href":"https:\/\/livinapp.net\/en_us\/wp-json\/wp\/v2\/pages\/1076","targetHints":{"allow":["GET"]}}],"collection":[{"href":"https:\/\/livinapp.net\/en_us\/wp-json\/wp\/v2\/pages"}],"about":[{"href":"https:\/\/livinapp.net\/en_us\/wp-json\/wp\/v2\/types\/page"}],"author":[{"embeddable":true,"href":"https:\/\/livinapp.net\/en_us\/wp-json\/wp\/v2\/users\/1"}],"replies":[{"embeddable":true,"href":"https:\/\/livinapp.net\/en_us\/wp-json\/wp\/v2\/comments?post=1076"}],"version-history":[{"count":5,"href":"https:\/\/livinapp.net\/en_us\/wp-json\/wp\/v2\/pages\/1076\/revisions"}],"predecessor-version":[{"id":5044,"href":"https:\/\/livinapp.net\/en_us\/wp-json\/wp\/v2\/pages\/1076\/revisions\/5044"}],"wp:attachment":[{"href":"https:\/\/livinapp.net\/en_us\/wp-json\/wp\/v2\/media?parent=1076"}],"curies":[{"name":"wp","href":"https:\/\/api.w.org\/{rel}","templated":true}]}}